{"id":2784,"date":"2016-02-09T12:49:02","date_gmt":"2016-02-09T11:49:02","guid":{"rendered":"http:\/\/chessmaster.tips\/it\/?page_id=2784"},"modified":"2021-04-18T11:30:15","modified_gmt":"2021-04-18T09:30:15","slug":"programmi-dallenamento","status":"publish","type":"page","link":"https:\/\/www.aschess.school\/it\/programmi-dallenamento\/","title":{"rendered":"Programmi d&#8217;allenamento"},"content":{"rendered":"<h2>Il mio metodo di allenamento<\/h2>\n<p><span style=\"color: #000000;\">Avere un programma d&#8217;allenamento \u00e8 fondamentale per raggiungere il successo nelle vostre partite e nei vostri tornei. \u00a0<span style=\"text-decoration: underline;\">Il problema maggiore \u00e8 conoscere le vostre debolezze<\/span>\u00a0, per questa ragione io incentivo i miei allievi ad inviarmi le loro partite (sia di torneo che online) per scoprire i punti deboli e lavorare su questi, \u00a0costruir\u00f2 un vero e proprio programma di lavoro per risolvere i problemi tipici.<\/span><\/p>\n<p><span style=\"color: #000000;\">Per raggiungere buoni risultati \u00e8 chiaro che il tempo che noi dedichiamo ad una disciplina \u00e8 molto importante, tuttavia \u00e8\u00a0molto pi\u00f9 importante la <strong>qualit\u00e0 dello studio<\/strong>, <strong>centrare il problema , serve proprio a questo un insegnante privato<\/strong>. Dunque anche 1 ora al giorno di qualit\u00e0 pu\u00f2 essere superiore a 10 ore o pi\u00f9 di <span style=\"text-decoration: underline;\">allenamento &#8220;casuale&#8221;<\/span>.<\/span><\/p>\n<p><span style=\"color: #000000;\"><img loading=\"lazy\" decoding=\"async\" class=\"aligncenter wp-image-2814\" src=\"https:\/\/www.aschess.school\/wp-content\/uploads\/2016\/01\/11352843_855797237828670_1816083940_n-300x300.jpg\" alt=\"11352843_855797237828670_1816083940_n\" width=\"400\" height=\"400\" srcset=\"https:\/\/www.aschess.school\/wp-content\/uploads\/2016\/01\/11352843_855797237828670_1816083940_n-300x300.jpg 300w, https:\/\/www.aschess.school\/wp-content\/uploads\/2016\/01\/11352843_855797237828670_1816083940_n-100x100.jpg 100w, https:\/\/www.aschess.school\/wp-content\/uploads\/2016\/01\/11352843_855797237828670_1816083940_n-600x600.jpg 600w, https:\/\/www.aschess.school\/wp-content\/uploads\/2016\/01\/11352843_855797237828670_1816083940_n-150x150.jpg 150w, https:\/\/www.aschess.school\/wp-content\/uploads\/2016\/01\/11352843_855797237828670_1816083940_n.jpg 640w\" sizes=\"auto, (max-width: 400px) 100vw, 400px\" \/><\/span><\/p>\n<h2><span style=\"color: #000000;\"><strong>Quali sono i punti forti dei miei programmi d&#8217;allenamento?\u00a0<\/strong><\/span><\/h2>\n<ol>\n<li><span style=\"color: #000000;\"><strong>Esperienza internazionale con allievi vincitori di titoli nazionali e continentali<\/strong><\/span><\/li>\n<li><span style=\"color: #000000;\"><strong>Ti seguo nel tuo allenamento , controllo le partite e ti mostro come migliorare a lezione<\/strong><\/span><\/li>\n<li><span style=\"color: #000000;\"><strong>Esercizi per casa\u00a0<\/strong><\/span><\/li>\n<li><span style=\"color: #000000;\"><strong>Registrazione della lezione\u00a0<\/strong><\/span><\/li>\n<li><span style=\"color: #000000;\"><strong>Vasta gamma di opzioni di allenamento per tutti i livelli di gioco<\/strong><\/span><\/li>\n<\/ol>\n<p>\u00a0<\/p>\n<h3>Vi consiglio di guardare la <a href=\"http:\/\/chessmaster.tips\/it\/testimonials\">pagina dei testimonial<\/a>, per avere un idea sui feedback ricevuti dagli studenti.<\/h3>\n<h3>Curo due canali youtube che si occupano di didattica :\u00a0<a href=\"https:\/\/www.youtube.com\/user\/chesslogger\">ChessLogger<\/a> (in italiano) e <a href=\"https:\/\/www.youtube.com\/user\/alexsuper1987\">Alessandro Santagati<\/a> (in inglese)<\/h3>\n<p><span style=\"color: #000000;\">Se siete interessati a dei percorsi formativi, \u00a0potete <strong><a style=\"color: #000000;\" href=\"http:\/\/chessmaster.tips\/it\/contacts\">contattarmi cliccando qui<\/a><\/strong><\/span><\/p>\n\n\n<p><\/p>\n","protected":false},"excerpt":{"rendered":"<p>Il mio metodo di allenamento Avere un programma d&#8217;allenamento \u00e8 fondamentale per raggiungere il successo nelle vostre partite e nei vostri tornei. \u00a0Il problema maggiore \u00e8 conoscere le vostre debolezze\u00a0, per questa ragione io incentivo i miei allievi ad inviarmi le loro partite (sia di torneo che online) per scoprire i punti deboli e lavorare [&hellip;]<\/p>\n","protected":false},"author":2,"featured_media":2814,"parent":0,"menu_order":0,"comment_status":"closed","ping_status":"closed","template":"","meta":{"_themeisle_gutenberg_block_has_review":false,"footnotes":""},"class_list":["post-2784","page","type-page","status-publish","has-post-thumbnail","hentry"],"_links":{"self":[{"href":"https:\/\/www.aschess.school\/it\/wp-json\/wp\/v2\/pages\/2784","targetHints":{"allow":["GET"]}}],"collection":[{"href":"https:\/\/www.aschess.school\/it\/wp-json\/wp\/v2\/pages"}],"about":[{"href":"https:\/\/www.aschess.school\/it\/wp-json\/wp\/v2\/types\/page"}],"author":[{"embeddable":true,"href":"https:\/\/www.aschess.school\/it\/wp-json\/wp\/v2\/users\/2"}],"replies":[{"embeddable":true,"href":"https:\/\/www.aschess.school\/it\/wp-json\/wp\/v2\/comments?post=2784"}],"version-history":[{"count":25,"href":"https:\/\/www.aschess.school\/it\/wp-json\/wp\/v2\/pages\/2784\/revisions"}],"predecessor-version":[{"id":3068,"href":"https:\/\/www.aschess.school\/it\/wp-json\/wp\/v2\/pages\/2784\/revisions\/3068"}],"wp:featuredmedia":[{"embeddable":true,"href":"https:\/\/www.aschess.school\/it\/wp-json\/wp\/v2\/media\/2814"}],"wp:attachment":[{"href":"https:\/\/www.aschess.school\/it\/wp-json\/wp\/v2\/media?parent=2784"}],"curies":[{"name":"wp","href":"https:\/\/api.w.org\/{rel}","templated":true}]}}