{"id":2666,"date":"2016-01-22T13:34:00","date_gmt":"2016-01-22T12:34:00","guid":{"rendered":"http:\/\/chessmaster.tips\/it\/?page_id=2666"},"modified":"2016-02-09T10:01:02","modified_gmt":"2016-02-09T09:01:02","slug":"finali-di-pezzi-leggeri","status":"publish","type":"page","link":"https:\/\/www.aschess.school\/it\/video\/finali\/finali-di-pezzi-leggeri\/","title":{"rendered":"Minor pieces Endings"},"content":{"rendered":"<p>Negli scacchi, quando parliamo di pezzi leggeri ci riferiamo agli alfieri e ai cavalli<\/p>\n<p><a href=\"https:\/\/www.youtube.com\/user\/chesslogger\">Nel canale youtube ChessLogger<\/a> ho creato un interessante serie sui finali di cavallo, potete vederla qui sotto<\/p>\n<p><iframe loading=\"lazy\" title=\"Scacchi - Finali semplici di cavallo\" width=\"1170\" height=\"658\" src=\"https:\/\/www.youtube.com\/embed\/videoseries?list=PLfE8lMU8Ihntuhub8UO6M4bRM2Io_rzTI\" frameborder=\"0\" allow=\"accelerometer; autoplay; clipboard-write; encrypted-media; gyroscope; picture-in-picture\" allowfullscreen><\/iframe><\/p>\n<p>&nbsp;<\/p>\n<p>Quando focalizziamo l&#8217;attenzione su finali di cavallo contro pedoni, \u00e8 molto importante tenere presente che pi\u00f9 il pedone \u00e8 a lato della scacchiera pi\u00f9 sar\u00e0 difficile per il cavallo bloccarlo e allo stesso tempo pi\u00f9 il pedone sar\u00e0 avanzato pi\u00f9 difficile sar\u00e0 fermarlo.<\/p>\n<p>Gli esempi che seguono mostrano proprio queste idee<\/p>\n<p>[fen csl=Rb7 cal=Gc5c6,Gc6b7]8\/P1n5\/8\/2K5\/8\/8\/8\/7k w &#8211; &#8211; 0 1[\/fen]<\/p>\n<p>Qui il bianco vince<\/p>\n<p>[fen csl=Gg7,Gc7 cal=Gg7e8,Gg7e6]8\/3KP1n1\/8\/8\/8\/8\/8\/8 w &#8211; &#8211; 0 1[\/fen]<\/p>\n<p>Il nero patta<\/p>\n<p>[fen csl=Rb4,Rc7 cal=Gb4a6,Gc7a6,Yb4d5]8\/8\/1K6\/P7\/1n6\/8\/8\/7k w &#8211; &#8211; 0 1[\/fen]<\/p>\n<p>Il nero patta<\/p>\n<p>&nbsp;<\/p>\n","protected":false},"excerpt":{"rendered":"<p>Negli scacchi, quando parliamo di pezzi leggeri ci riferiamo agli alfieri e ai cavalli Nel canale youtube ChessLogger ho creato un interessante serie sui finali di cavallo, potete vederla qui sotto &nbsp; Quando focalizziamo l&#8217;attenzione su finali di cavallo contro pedoni, \u00e8 molto importante tenere presente che pi\u00f9 il pedone \u00e8 a lato della scacchiera [&hellip;]<\/p>\n","protected":false},"author":1,"featured_media":5152,"parent":2475,"menu_order":0,"comment_status":"closed","ping_status":"closed","template":"","meta":{"_themeisle_gutenberg_block_has_review":false,"footnotes":""},"class_list":["post-2666","page","type-page","status-publish","has-post-thumbnail","hentry"],"_links":{"self":[{"href":"https:\/\/www.aschess.school\/it\/wp-json\/wp\/v2\/pages\/2666","targetHints":{"allow":["GET"]}}],"collection":[{"href":"https:\/\/www.aschess.school\/it\/wp-json\/wp\/v2\/pages"}],"about":[{"href":"https:\/\/www.aschess.school\/it\/wp-json\/wp\/v2\/types\/page"}],"author":[{"embeddable":true,"href":"https:\/\/www.aschess.school\/it\/wp-json\/wp\/v2\/users\/1"}],"replies":[{"embeddable":true,"href":"https:\/\/www.aschess.school\/it\/wp-json\/wp\/v2\/comments?post=2666"}],"version-history":[{"count":4,"href":"https:\/\/www.aschess.school\/it\/wp-json\/wp\/v2\/pages\/2666\/revisions"}],"predecessor-version":[{"id":2767,"href":"https:\/\/www.aschess.school\/it\/wp-json\/wp\/v2\/pages\/2666\/revisions\/2767"}],"up":[{"embeddable":true,"href":"https:\/\/www.aschess.school\/it\/wp-json\/wp\/v2\/pages\/2475"}],"wp:featuredmedia":[{"embeddable":true,"href":"https:\/\/www.aschess.school\/it\/wp-json\/wp\/v2\/media\/5152"}],"wp:attachment":[{"href":"https:\/\/www.aschess.school\/it\/wp-json\/wp\/v2\/media?parent=2666"}],"curies":[{"name":"wp","href":"https:\/\/api.w.org\/{rel}","templated":true}]}}