{"id":2658,"date":"2016-01-22T13:01:45","date_gmt":"2016-01-22T12:01:45","guid":{"rendered":"http:\/\/chessmaster.tips\/it\/?page_id=2658"},"modified":"2016-01-26T08:59:25","modified_gmt":"2016-01-26T07:59:25","slug":"finali-di-pedone","status":"publish","type":"page","link":"https:\/\/www.aschess.school\/it\/video\/finali\/finali-di-pedone\/","title":{"rendered":"Finali di pedone"},"content":{"rendered":"<p>Conoscere i finali \u00e8 molto importante ed in particolar modo i finali di pedone, perch\u00e8 tutti i finali si possono convertire in finali di pedone.<\/p>\n<p>A proposito dei finali di pedone \u00e8 centrale l&#8217;idea dell&#8217;opposizione<\/p>\n<p>[fen]8\/8\/3k4\/8\/3K4\/3P4\/8\/8 b &#8211; &#8211; 0 1[\/fen]<\/p>\n<p>E altre importantissime idee<\/p>\n<ul>\n<li><strong>Regola del quadrato<\/strong><\/li>\n<\/ul>\n<p>[fen csl=Ga4,Gb4,Gc4,Gd4,Ge4,Ge5,Ge6,Ge8,Ge7,Rd8,Rc8,Rb8,Ra8,Ra7,Ra6,Ra5,Rb5,Rc5,Rd5,Rd6,Rd7,Rb6,Rc6,Rc7,Rb7]8\/8\/5k2\/8\/P7\/8\/8\/7K w &#8211; &#8211; 0 1[\/fen]<\/p>\n<ul>\n<li><strong>Pedoni intoccabili<\/strong><\/li>\n<\/ul>\n<p>[fen cal=Rb5b4,Ga5a8]8\/8\/8\/Pk6\/1P6\/8\/8\/7K w &#8211; &#8211; 0 1[\/fen]<\/p>\n","protected":false},"excerpt":{"rendered":"<p>Conoscere i finali \u00e8 molto importante ed in particolar modo i finali di pedone, perch\u00e8 tutti i finali si possono convertire in finali di pedone. A proposito dei finali di pedone \u00e8 centrale l&#8217;idea dell&#8217;opposizione [fen]8\/8\/3k4\/8\/3K4\/3P4\/8\/8 b &#8211; &#8211; 0 1[\/fen] E altre importantissime idee Regola del quadrato [fen csl=Ga4,Gb4,Gc4,Gd4,Ge4,Ge5,Ge6,Ge8,Ge7,Rd8,Rc8,Rb8,Ra8,Ra7,Ra6,Ra5,Rb5,Rc5,Rd5,Rd6,Rd7,Rb6,Rc6,Rc7,Rb7]8\/8\/5k2\/8\/P7\/8\/8\/7K w &#8211; &#8211; 0 1[\/fen] [&hellip;]<\/p>\n","protected":false},"author":1,"featured_media":0,"parent":2475,"menu_order":0,"comment_status":"closed","ping_status":"closed","template":"","meta":{"_themeisle_gutenberg_block_has_review":false,"footnotes":""},"class_list":["post-2658","page","type-page","status-publish","hentry"],"_links":{"self":[{"href":"https:\/\/www.aschess.school\/it\/wp-json\/wp\/v2\/pages\/2658","targetHints":{"allow":["GET"]}}],"collection":[{"href":"https:\/\/www.aschess.school\/it\/wp-json\/wp\/v2\/pages"}],"about":[{"href":"https:\/\/www.aschess.school\/it\/wp-json\/wp\/v2\/types\/page"}],"author":[{"embeddable":true,"href":"https:\/\/www.aschess.school\/it\/wp-json\/wp\/v2\/users\/1"}],"replies":[{"embeddable":true,"href":"https:\/\/www.aschess.school\/it\/wp-json\/wp\/v2\/comments?post=2658"}],"version-history":[{"count":4,"href":"https:\/\/www.aschess.school\/it\/wp-json\/wp\/v2\/pages\/2658\/revisions"}],"predecessor-version":[{"id":2734,"href":"https:\/\/www.aschess.school\/it\/wp-json\/wp\/v2\/pages\/2658\/revisions\/2734"}],"up":[{"embeddable":true,"href":"https:\/\/www.aschess.school\/it\/wp-json\/wp\/v2\/pages\/2475"}],"wp:attachment":[{"href":"https:\/\/www.aschess.school\/it\/wp-json\/wp\/v2\/media?parent=2658"}],"curies":[{"name":"wp","href":"https:\/\/api.w.org\/{rel}","templated":true}]}}