{"id":2235,"date":"2014-04-29T14:55:00","date_gmt":"2014-04-29T12:55:00","guid":{"rendered":"http:\/\/chessmaster.tips\/lezioni?lang=it"},"modified":"2016-06-01T12:40:06","modified_gmt":"2016-06-01T10:40:06","slug":"lezioni","status":"publish","type":"page","link":"https:\/\/www.aschess.school\/it\/lezioni\/","title":{"rendered":"Lezioni"},"content":{"rendered":"<p>Sono il maestro fide Alessandro Santagati e ho 28 anni.<\/p>\n<p>Vivo a Catania\u00a0, Sicilia, ho iniziato a giocare a 11 anni\u00a0. Per quanto riguarda la mia attivit\u00e0 agonistica i miei migliori risultato sono la vittoria del <strong>torneo\u00a0internazionale di\u00a0Vittoria<\/strong>, Italia,. Altri risultati di prestigio sono quello ottenuto\u00a0a\u00a0<strong>Benidorm 2012<\/strong>, <strong>Spagna<\/strong>, dove ho chiuso\u00a03\u00b0-7\u00b0(170 giocatori) con\u00a07,5 punti su 10 partite\u00a0. e il terzo posto\u00a0(su\u00a0205 giocatori) nel <strong>torneo internazionale di Malta<\/strong>, novembre\u00a02015.<\/p>\n<p>Sono maestro dal 2011, titolo ottenuto nel <strong>torneo internazionale di Montecatini<\/strong> con un turno d&#8217;anticipo grazie alla vittoria contro il grande maestro Igor Efimov nel penultimo turno.<\/p>\n<p>Nel 2016 ho ottenuto il titolo di maestro fide conquistato dopo una serie di\u00a0ottime prestazioni\u00a0tra cui le pi\u00f9 significative <strong>Cappelle La Grande<\/strong> in <strong>Francia<\/strong> e <strong>Lugano<\/strong> in <strong>Svizzera<\/strong>.<\/p>\n<p>&nbsp;<\/p>\n<p>Se si gioca a scacchi in maniera agonistica, partecipando a tornei ufficiali \u00e8 quasi indispensabile se si vuole progredire avere una guida che ti dia i suggerimenti giusti e la via per migliorare. La mia esperienza personale mi ha fatto capire che \u00e8 molto difficile &#8220;fare da soli&#8221; e che per raggiungere livelli alti \u00e8 necessario qualcuno che dia regolarit\u00e0 al nostro studio. La mia esperienza d&#8217;insegnamento inizia al liceo, con la preparazione della squadra della mia scuola per i giochi sportivi studenteschi, ottenendo ottimi risultati.<br \/>\nQuell&#8217;esperienza mi ha motivato per migliorare sempre di pi\u00f9 la mia tecnica d&#8217;insegnamento e perfezionarmi , il mio metodo cerca di valorizzare tutte le fasi di gioco, dando il giusto peso all&#8217;apertura (spesso sopravvalutata ), al mediogioco e al finale. Tengo in grande considerazione l&#8217;allenamento tattico , indispensabile a mio avviso per aumentare la creativit\u00e0 e la profondit\u00e0 di analisi.<\/p>\n<p>&nbsp;<\/p>\n<div><\/div>\n","protected":false},"excerpt":{"rendered":"<p>Sono il maestro fide Alessandro Santagati e ho 28 anni. Vivo a Catania\u00a0, Sicilia, ho iniziato a giocare a 11 anni\u00a0. Per quanto riguarda la mia attivit\u00e0 agonistica i miei migliori risultato sono la vittoria del torneo\u00a0internazionale di\u00a0Vittoria, Italia,. Altri risultati di prestigio sono quello ottenuto\u00a0a\u00a0Benidorm 2012, Spagna, dove ho chiuso\u00a03\u00b0-7\u00b0(170 giocatori) con\u00a07,5 punti su [&hellip;]<\/p>\n","protected":false},"author":2,"featured_media":0,"parent":0,"menu_order":0,"comment_status":"closed","ping_status":"closed","template":"","meta":{"_themeisle_gutenberg_block_has_review":false,"footnotes":""},"class_list":["post-2235","page","type-page","status-publish","hentry"],"_links":{"self":[{"href":"https:\/\/www.aschess.school\/it\/wp-json\/wp\/v2\/pages\/2235","targetHints":{"allow":["GET"]}}],"collection":[{"href":"https:\/\/www.aschess.school\/it\/wp-json\/wp\/v2\/pages"}],"about":[{"href":"https:\/\/www.aschess.school\/it\/wp-json\/wp\/v2\/types\/page"}],"author":[{"embeddable":true,"href":"https:\/\/www.aschess.school\/it\/wp-json\/wp\/v2\/users\/2"}],"replies":[{"embeddable":true,"href":"https:\/\/www.aschess.school\/it\/wp-json\/wp\/v2\/comments?post=2235"}],"version-history":[{"count":5,"href":"https:\/\/www.aschess.school\/it\/wp-json\/wp\/v2\/pages\/2235\/revisions"}],"predecessor-version":[{"id":2881,"href":"https:\/\/www.aschess.school\/it\/wp-json\/wp\/v2\/pages\/2235\/revisions\/2881"}],"wp:attachment":[{"href":"https:\/\/www.aschess.school\/it\/wp-json\/wp\/v2\/media?parent=2235"}],"curies":[{"name":"wp","href":"https:\/\/api.w.org\/{rel}","templated":true}]}}